{"id":204,"date":"2020-03-24T13:34:10","date_gmt":"2020-03-24T12:34:10","guid":{"rendered":"http:\/\/www.tsv-online-team.de\/?page_id=204"},"modified":"2024-04-26T09:49:45","modified_gmt":"2024-04-26T08:49:45","slug":"vorstandschaft","status":"publish","type":"page","link":"http:\/\/www.tsv-westerstetten.de\/?page_id=204","title":{"rendered":"Vorstandschaft"},"content":{"rendered":"\n<figure class=\"wp-block-table is-style-stripes\"><table><tbody><tr><td>Gesch\u00e4ftsstelle <\/td><td>Tannenweg 7<br>89198 Westerstetten<\/td><td><a href=\"mailto:geschaeftsstelle@tsv-westerstetten.org\">geschaeftsstelle@tsv-westerstetten.org<\/a><\/td><\/tr><tr><td>1. Vorstand<\/td><td>Rainer Lang<\/td><td><a href=\"mailto:vorstand@tsv-westerstetten.org\">vorstand@tsv-westerstetten.org<\/a><\/td><\/tr><tr><td>2. Vorstand<\/td><td>Hans Fetzer<\/td><td>&#8211; noch nicht angelegt &#8211;<\/td><\/tr><tr><td>Kassiererin<\/td><td>Nina Kurfe\u00df<\/td><td><a href=\"mailto:kassierer@tsv-westerstetten.org\">kassierer@tsv-westerstetten.org<\/a>&nbsp;<\/td><\/tr><tr><td>Gesch\u00e4ftstelle<\/td><td>Katrin von Engel<\/td><td><a href=\"mailto:geschaeftsstelle@tsv-westerstetten.org\">geschaeftsstelle@tsv-westerstetten.org<\/a><\/td><\/tr><tr><td>Schriftf\u00fchrerin<\/td><td>Sabrina Binder <\/td><td><a href=\"mailto:schriftfuehrer@tsv-westerstetten.org\">schriftfuehrer@tsv-westerstetten.org<\/a><\/td><\/tr><tr><td>Gesamtjugendleiterin<\/td><td>Kathrin Edenhofer<\/td><td><a href=\"mailto:jugend@tsv-westerstetten.org\">jugend@tsv-westerstetten.org<\/a><\/td><\/tr><\/tbody><\/table><\/figure>\n\n\n\n<p>Weitere Fragen?<br>-> Hier gehts zum Kontaktformular: <a href=\"http:\/\/www.tsv-westerstetten.de\/?page_id=534\" data-type=\"page\" data-id=\"534\">Kontakt aufnehmen<\/a><\/p>\n","protected":false},"excerpt":{"rendered":"<p>Gesch\u00e4ftsstelle Tannenweg 789198 Westerstetten geschaeftsstelle@tsv-westerstetten.org 1. Vorstand Rainer Lang vorstand@tsv-westerstetten.org 2. Vorstand Hans Fetzer &#8211; noch nicht angelegt &#8211; Kassiererin Nina Kurfe\u00df kassierer@tsv-westerstetten.org&nbsp; Gesch\u00e4ftstelle Katrin von Engel geschaeftsstelle@tsv-westerstetten.org Schriftf\u00fchrerin Sabrina Binder schriftfuehrer@tsv-westerstetten.org Gesamtjugendleiterin Kathrin Edenhofer jugend@tsv-westerstetten.org Weitere Fragen?-> Hier gehts zum Kontaktformular: Kontakt aufnehmen<\/p>\n","protected":false},"author":1,"featured_media":0,"parent":0,"menu_order":0,"comment_status":"closed","ping_status":"closed","template":"","meta":{"footnotes":""},"class_list":["post-204","page","type-page","status-publish","hentry"],"_links":{"self":[{"href":"http:\/\/www.tsv-westerstetten.de\/index.php?rest_route=\/wp\/v2\/pages\/204","targetHints":{"allow":["GET"]}}],"collection":[{"href":"http:\/\/www.tsv-westerstetten.de\/index.php?rest_route=\/wp\/v2\/pages"}],"about":[{"href":"http:\/\/www.tsv-westerstetten.de\/index.php?rest_route=\/wp\/v2\/types\/page"}],"author":[{"embeddable":true,"href":"http:\/\/www.tsv-westerstetten.de\/index.php?rest_route=\/wp\/v2\/users\/1"}],"replies":[{"embeddable":true,"href":"http:\/\/www.tsv-westerstetten.de\/index.php?rest_route=%2Fwp%2Fv2%2Fcomments&post=204"}],"version-history":[{"count":9,"href":"http:\/\/www.tsv-westerstetten.de\/index.php?rest_route=\/wp\/v2\/pages\/204\/revisions"}],"predecessor-version":[{"id":537,"href":"http:\/\/www.tsv-westerstetten.de\/index.php?rest_route=\/wp\/v2\/pages\/204\/revisions\/537"}],"wp:attachment":[{"href":"http:\/\/www.tsv-westerstetten.de\/index.php?rest_route=%2Fwp%2Fv2%2Fmedia&parent=204"}],"curies":[{"name":"wp","href":"https:\/\/api.w.org\/{rel}","templated":true}]}}